{"id":301,"date":"2021-07-16T14:49:40","date_gmt":"2021-07-16T18:49:40","guid":{"rendered":"https:\/\/pago.novaterr.com\/?page_id=301"},"modified":"2023-10-10T15:30:14","modified_gmt":"2023-10-10T19:30:14","slug":"faq","status":"publish","type":"page","link":"https:\/\/pago.novaterr.com\/fr\/faq\/","title":{"rendered":"FAQ"},"content":{"rendered":"<div class=\"wp-block-columns is-layout-flex wp-container-core-columns-is-layout-9d6595d7 wp-block-columns-is-layout-flex\">\n<div class=\"wp-block-column is-layout-flow wp-block-column-is-layout-flow\"><\/div>\n<\/div>\n\n\n\n<div class=\"wp-block-columns is-layout-flex wp-container-core-columns-is-layout-9d6595d7 wp-block-columns-is-layout-flex\">\n<div class=\"wp-block-column is-layout-flow wp-block-column-is-layout-flow\">\n<h2 class=\"encabezado\"><span style=\"color: #204161;\">Des questions<\/span> <br \/>fr\u00e9quent<\/h2>\n<\/div>\n<\/div>\n\n\n\n<h3 class=\"wp-block-heading text-faq\">O\u00f9 se connecter ?<\/h3>\n\n\n\n<p class=\"p-faq\">Vous trouverez le lien pour vous connecter \u00e0 la bonne clinique directement sur l&#039;enseigne dans la salle d&#039;attente de la clinique. Vous pouvez soit suivre ce lien, soit s\u00e9lectionner directement votre produit sur https:\/\/pago.novaterr.com et s\u00e9lectionner la clinique o\u00f9 vous passerez le test et o\u00f9 vous devrez envoyer le paiement.<\/p>\n\n\n\n<p class=\"p-faq\">Si vous n&#039;\u00eates pas s\u00fbr de la clinique que vous devriez s\u00e9lectionner, veuillez la demander \u00e0 la r\u00e9ception ou \u00e0 la personne responsable.<\/p>\n\n\n\n<hr class=\"wp-block-separator has-alpha-channel-opacity separador\"\/>\n\n\n\n<h3 class=\"wp-block-heading text-faq\">Vous \u00eates connect\u00e9 ?<\/h3>\n\n\n\n<p class=\"p-faq\">Vous trouverez le lien pour vous connecter \u00e0 la bonne clinique directement sur le panneau dans la salle d&#039;attente de la clinique. Vous pouvez soit suivre ce lien, soit s\u00e9lectionner directement votre produit sur https:\/\/pago.novaterr.com et s\u00e9lectionner la clinique o\u00f9 vous passerez le test et o\u00f9 vous devez envoyer le paiement.<\/p>\n\n\n\n<p class=\"p-faq\">Si vous avez un doute sur la clinique \u00e0 s\u00e9lectionner, vous pouvez demander de l&#039;aide \u00e0 la r\u00e9ception ou \u00e0 la personne responsable.<\/p>\n\n\n\n<hr class=\"wp-block-separator has-alpha-channel-opacity separador\"\/>\n\n\n\n<h3 class=\"wp-block-heading text-faq\">O\u00f9 se connecter ?<\/h3>\n\n\n\n<p class=\"p-faq\">Vous trouverez le lien pour vous connecter \u00e0 la clinique appropri\u00e9e directement sur l\u2019enseigne de la salle d\u2019attente de la clinique. Vous pouvez suivre ce lien ou s\u00e9lectionner directement votre produit sur https:\/\/pago.novaterr.com et s\u00e9lectionner la clinique o\u00f9 vous passerez le test et \u00e0 laquelle vous devrez envoyer le paiement.<\/p>\n\n\n\n<p class=\"p-faq\">Si vous ne savez pas quelle clinique choisir, renseignez-vous \u00e0 la r\u00e9ception ou aupr\u00e8s de la personne responsable.<\/p>\n\n\n\n<hr class=\"wp-block-separator has-alpha-channel-opacity separador\"\/>\n\n\n\n<h3 class=\"wp-block-heading text-faq\">Les \u00e9tapes \u00e0 suivre<\/h3>\n\n\n\n<ol class=\"wp-block-list\">\n<li class=\"p-faq\">Suivez le lien ou s\u00e9lectionnez le test et la clinique correspondante<\/li>\n\n\n\n<li class=\"p-faq\">Confirmez votre s\u00e9lection dans le panier<\/li>\n\n\n\n<li class=\"p-faq\">Saisissez vos informations de facturation (pr\u00e9nom, nom, adresse, num\u00e9ro de t\u00e9l\u00e9phone) et les informations de votre carte de cr\u00e9dit<\/li>\n\n\n\n<li class=\"p-faq\">La transaction est valid\u00e9e par votre banque et un email de confirmation vous est envoy\u00e9<\/li>\n\n\n\n<li class=\"p-faq\">Pr\u00e9sentez cet email de confirmation au responsable<\/li>\n<\/ol>\n\n\n\n<hr class=\"wp-block-separator has-alpha-channel-opacity separador\"\/>\n\n\n\n<h3 class=\"wp-block-heading text-faq\">Les \u00e9tapes \u00e0 suivre<\/h3>\n\n\n\n<ol class=\"wp-block-list\">\n<li class=\"p-faq\">Prendre le privil\u00e8ge ou s\u00e9lectionner le test et la clinique correspondante<\/li>\n\n\n\n<li class=\"p-faq\">Validit\u00e9 de votre s\u00e9lection dans le panier d&#039;achats<\/li>\n\n\n\n<li class=\"p-faq\">Joignez vos informations de facturation (nom, pr\u00e9nom, adresse, num\u00e9ro de t\u00e9l\u00e9phone) et les informations de votre carte de cr\u00e9dit<\/li>\n\n\n\n<li class=\"p-faq\">La transaction est valid\u00e9e par votre banque et un email de confirmation vous sera envoy\u00e9<\/li>\n\n\n\n<li class=\"p-faq\">Pr\u00e9sentez cet email de confirmation au responsable<\/li>\n<\/ol>\n\n\n\n<hr class=\"wp-block-separator has-alpha-channel-opacity separador\"\/>\n\n\n\n<h3 class=\"wp-block-heading text-faq\">Les \u00e9tapes \u00e0 suivre<\/h3>\n\n\n\n<ol class=\"wp-block-list\">\n<li class=\"p-faq\">Suivez le lien ou s\u00e9lectionnez le test et la clinique correspondants<\/li>\n\n\n\n<li class=\"p-faq\">Confirmez votre s\u00e9lection dans le panier<\/li>\n\n\n\n<li class=\"p-faq\">Saisissez vos informations de facturation (nom, pr\u00e9nom, adresse, num\u00e9ro de t\u00e9l\u00e9phone) et les informations de votre carte de cr\u00e9dit<\/li>\n\n\n\n<li class=\"p-faq\">Votre banque valide la transaction et vous envoie un email de confirmation<\/li>\n\n\n\n<li class=\"p-faq\">Pr\u00e9sentez cet email de confirmation au responsable<\/li>\n<\/ol>\n\n\n\n<p><\/p>","protected":false},"excerpt":{"rendered":"<p>Foire aux questions\u00a0: O\u00f9 se connecter\u00a0? Le lien pour se connecter \u00e0 la clinique appropri\u00e9e se trouve directement sur le panneau dans la salle d&#039;attente. Vous pouvez suivre ce lien pour s\u00e9lectionner directement votre produit sur https:\/\/pago.novaterr.com et s\u00e9lectionner la clinique o\u00f9 vous passerez le test et o\u00f9 vous devrez effectuer le paiement.&nbsp;<a href=\"https:\/\/pago.novaterr.com\/fr\/faq\/\" rel=\"bookmark\">En savoir plus &quot;<span class=\"screen-reader-text\">FAQ<\/span><\/a><\/p>","protected":false},"author":1,"featured_media":0,"parent":0,"menu_order":0,"comment_status":"closed","ping_status":"open","template":"","meta":{"neve_meta_sidebar":"","neve_meta_container":"","neve_meta_enable_content_width":"","neve_meta_content_width":0,"neve_meta_title_alignment":"","neve_meta_author_avatar":"","neve_post_elements_order":"","neve_meta_disable_header":"","neve_meta_disable_footer":"","neve_meta_disable_title":"","neve_meta_reading_time":"","footnotes":""},"class_list":["post-301","page","type-page","status-publish","hentry"],"jetpack_sharing_enabled":true,"_links":{"self":[{"href":"https:\/\/pago.novaterr.com\/fr\/wp-json\/wp\/v2\/pages\/301","targetHints":{"allow":["GET"]}}],"collection":[{"href":"https:\/\/pago.novaterr.com\/fr\/wp-json\/wp\/v2\/pages"}],"about":[{"href":"https:\/\/pago.novaterr.com\/fr\/wp-json\/wp\/v2\/types\/page"}],"author":[{"embeddable":true,"href":"https:\/\/pago.novaterr.com\/fr\/wp-json\/wp\/v2\/users\/1"}],"replies":[{"embeddable":true,"href":"https:\/\/pago.novaterr.com\/fr\/wp-json\/wp\/v2\/comments?post=301"}],"version-history":[{"count":0,"href":"https:\/\/pago.novaterr.com\/fr\/wp-json\/wp\/v2\/pages\/301\/revisions"}],"wp:attachment":[{"href":"https:\/\/pago.novaterr.com\/fr\/wp-json\/wp\/v2\/media?parent=301"}],"curies":[{"name":"wp","href":"https:\/\/api.w.org\/{rel}","templated":true}]}}