{"id":51686,"date":"2022-08-02T17:17:46","date_gmt":"2022-08-02T21:17:46","guid":{"rendered":"https:\/\/pago.novaterr.com\/?post_type=product&#038;p=51686"},"modified":"2024-09-19T11:03:54","modified_gmt":"2024-09-19T15:03:54","slug":"pago-parcial-programa-academico","status":"publish","type":"product","link":"https:\/\/pago.novaterr.com\/en\/product\/pago-parcial-programa-academico\/","title":{"rendered":"Partial payment \u2013 Academic Program"},"content":{"rendered":"","protected":false},"excerpt":{"rendered":"<h1>Make the payment of your student expenses online.<\/h1>\n<div>Now you can pay your student expenses in installments through partial payments*. Choose the amount you want to pay and make the transaction online with a credit card from anywhere in the world.<\/div>\n<div>Novaterr Solutions inc. is the solution approved by the Cuban Medical Services Marketer (CSMC SA) as the safest and most efficient payment platform.<\/div>\n<div><\/div>\n<div>*Keep your receipts and payment confirmation to validate the entire payment with CSMC SA<\/div>\n<div><\/div>\n<div><\/div>\n<h1>Stages<\/h1>\n<ol>\n<li>The Seller is the entity with whom you have a contract (pre-selected, you do not have to change it).<\/li>\n<li class=\"WPT7ge\">Select the amount you want to pay during this transaction. The maximum amount that you can spend on your credit card depends on your bank, the daily payment limit, the available funds, etc. Please contact your bank to find out what the maximum amount per transaction is.<\/li>\n<li class=\"WPT7ge\">Full name of the student: it is very important to complete the exact name to avoid any reconciliation problem in the future with the University, for example.<\/li>\n<li class=\"WPT7ge\">Career: select the appropriate career.<\/li>\n<li class=\"WPT7ge\">Optional information:\n<ol>\n<li class=\"WPT7ge\">Institution: is the name of the training institution.<\/li>\n<li class=\"WPT7ge\">Specialty: it is a free field that allows you to include more details about the specialty.<\/li>\n<li class=\"WPT7ge\">Year: is the year of formation.<\/li>\n<li class=\"WPT7ge\">Note: this free field allows you to add information that is not included in the previous fields. For example, for lodging expenses, simply include a note to explain which lodging is paid for with this transaction.<\/li>\n<\/ol>\n<\/li>\n<\/ol>","protected":false},"featured_media":51218,"template":"","meta":{"neve_meta_sidebar":"full-width","neve_meta_container":"","neve_meta_enable_content_width":"off","neve_meta_content_width":100,"neve_meta_title_alignment":"","neve_meta_author_avatar":"","neve_post_elements_order":"","neve_meta_disable_header":"","neve_meta_disable_footer":"","neve_meta_disable_title":"","neve_meta_reading_time":""},"product_brand":[],"product_cat":[27],"product_tag":[],"class_list":{"0":"post-51686","1":"product","2":"type-product","3":"status-publish","4":"has-post-thumbnail","6":"product_cat-programass","8":"first","9":"instock","10":"taxable","11":"shipping-taxable","12":"purchasable","13":"product-type-variable","14":"has-default-attributes"},"exclude_global_add_ons":true,"addons":[{"name":"Full name of the student","type":"custom_text","position":0,"required":true,"title_format":"label","description_enable":true,"description":"Full name of the student, as specified in the contract.","placeholder_enable":false,"placeholder":"","display":"select","restrictions_type":"any_text","adjust_price":false,"price":"","price_type":"flat_fee","restrictions":false,"min":0,"max":0,"options":[],"id":1725294352},{"name":"Institution","type":"multiple_choice","position":1,"required":false,"title_format":"label","description_enable":false,"description":"","placeholder_enable":false,"placeholder":"","display":"select","restrictions_type":"any_text","adjust_price":false,"price":"","price_type":"flat_fee","restrictions":false,"min":0,"max":0,"options":[{"label":"ELAM","price":"","price_type":"flat_fee","image":0},{"label":"ENSAP","price":"","price_type":"flat_fee","image":0},{"label":"Facultad de Enfermer\u00eda \u00abLidia Doce\u00bb. La Habana","price":"","price_type":"flat_fee","image":0},{"label":"Facultad de Estomatolog\u00eda. La Habana","price":"","price_type":"flat_fee","image":0},{"label":"Facultad de Estomatolog\u00eda. Santiago de Cuba","price":"","price_type":"flat_fee","image":0},{"label":"Facultad Finlay-Albarran","price":"","price_type":"flat_fee","image":0},{"label":"FATESA","price":"","price_type":"flat_fee","image":0},{"label":"FCM 1 FACIMED Santiago de Cuba","price":"","price_type":"flat_fee","image":0},{"label":"FCM 2 Santiago de Cuba","price":"","price_type":"flat_fee","image":0},{"label":"FCM Calixto Garcia","price":"","price_type":"flat_fee","image":0},{"label":"FCM Julio Trigo","price":"","price_type":"flat_fee","image":0},{"label":"FCM Manuel Fajardo","price":"","price_type":"flat_fee","image":0},{"label":"FCM Mayabeque","price":"","price_type":"flat_fee","image":0},{"label":"FCM Miguel Enriquez","price":"","price_type":"flat_fee","image":0},{"label":"FCM Salvador Allende","price":"","price_type":"flat_fee","image":0},{"label":"FCM Victoria de Giron","price":"","price_type":"flat_fee","image":0},{"label":"HHA","price":"","price_type":"flat_fee","image":0},{"label":"Hospital Camilo Cienfuegos","price":"","price_type":"flat_fee","image":0},{"label":"Hospital Enrique Cabrera","price":"","price_type":"flat_fee","image":0},{"label":"Hospital Eusebio Hern\u00e1ndez","price":"","price_type":"flat_fee","image":0},{"label":"Hospital Hijas de Galicia","price":"","price_type":"flat_fee","image":0},{"label":"Hospital Ram\u00f3n Gonz\u00e1lez Coro","price":"","price_type":"flat_fee","image":0},{"label":"Hospital Ramon Pando Ferrer","price":"","price_type":"flat_fee","image":0},{"label":"Hospital Saturnino Lora","price":"","price_type":"flat_fee","image":0},{"label":"INSAP La Habana","price":"","price_type":"flat_fee","image":0},{"label":"IPK","price":"","price_type":"flat_fee","image":0},{"label":"UCM Camag\u00fcey","price":"","price_type":"flat_fee","image":0},{"label":"UCM Cienfuegos","price":"","price_type":"flat_fee","image":0},{"label":"UCM Granma","price":"","price_type":"flat_fee","image":0},{"label":"UCM Holgu\u00edn","price":"","price_type":"flat_fee","image":0},{"label":"UCM La Habana","price":"","price_type":"flat_fee","image":0},{"label":"UCM Las Tunas","price":"","price_type":"flat_fee","image":0},{"label":"UCM Pinar del Rio","price":"","price_type":"flat_fee","image":0},{"label":"UCM Sancti Spiritus","price":"","price_type":"flat_fee","image":0},{"label":"UCM Santiago de Cuba","price":"","price_type":"flat_fee","image":0},{"label":"UCM Villa Clara","price":"","price_type":"flat_fee","image":0}],"id":1725294355},{"name":"Career","type":"multiple_choice","position":2,"required":true,"title_format":"label","description_enable":false,"description":"","placeholder_enable":false,"placeholder":"","display":"select","restrictions_type":"any_text","adjust_price":false,"price":"","price_type":"flat_fee","restrictions":false,"min":0,"max":0,"options":[{"label":"Curso prem\u00e9dico","price":"","price_type":"flat_fee","image":0},{"label":"Curso de idioma","price":"","price_type":"flat_fee","image":0},{"label":"Carrera de medicina","price":"","price_type":"flat_fee","image":0},{"label":"Carrera de estomatolog\u00eda","price":"","price_type":"flat_fee","image":0},{"label":"Licenciatura en enfermer\u00eda","price":"","price_type":"flat_fee","image":0},{"label":"Programas de Educaci\u00f3n Superior de Ciclo Corto","price":"","price_type":"flat_fee","image":0},{"label":"Cursos de Postgrado","price":"","price_type":"flat_fee","image":0},{"label":"Otra licenciatura","price":"","price_type":"flat_fee","image":0}],"id":1725294353},{"name":"Specialty","type":"heading","position":3,"required":false,"title_format":"label","description_enable":false,"description":"","placeholder_enable":false,"placeholder":"","display":"select","restrictions_type":"any_text","adjust_price":false,"price":"","price_type":"flat_fee","restrictions":false,"min":0,"max":0,"options":[],"id":1725294356},{"name":"More information about payment","type":"heading","position":4,"required":false,"title_format":"label","description_enable":false,"description":"","placeholder_enable":false,"placeholder":"","display":"select","restrictions_type":"any_text","adjust_price":false,"price":"","price_type":"flat_fee","restrictions":false,"min":0,"max":0,"options":[],"id":1725294354},{"name":"nursing specialty","type":"multiple_choice","position":5,"required":false,"title_format":"label","description_enable":false,"description":"","placeholder_enable":false,"placeholder":"","display":"select","restrictions_type":"any_text","adjust_price":false,"price":"","price_type":"flat_fee","restrictions":false,"min":0,"max":0,"options":[{"label":"Enfermer\u00eda Comunitaria Integral","price":"","price_type":"flat_fee","image":0},{"label":"Enfermer\u00eda Intensiva y Emergencias","price":"","price_type":"flat_fee","image":0},{"label":"Enfermer\u00eda en Ginecolog\u00eda y Obstetricia (3 a\u00f1os)","price":"","price_type":"flat_fee","image":0},{"label":"Enfermer\u00eda en Neonatolog\u00eda y Pediatr\u00eda (3 a\u00f1os)","price":"","price_type":"flat_fee","image":0}],"id":1725294357},{"name":"Year","type":"multiple_choice","position":6,"required":false,"title_format":"label","description_enable":false,"description":"","placeholder_enable":false,"placeholder":"","display":"select","restrictions_type":"any_text","adjust_price":false,"price":"","price_type":"flat_fee","restrictions":false,"min":0,"max":0,"options":[{"label":"Doctor en Ciencias de la Enfermer\u00eda","price":"","price_type":"flat_fee","image":0},{"label":"Doctor en Ciencias de la Salud","price":"","price_type":"flat_fee","image":0},{"label":"Doctor en Ciencias Estomatol\u00f3gicas","price":"","price_type":"flat_fee","image":0},{"label":"Doctor en Ciencias M\u00e9dicas","price":"","price_type":"flat_fee","image":0},{"label":"N\/A","price":"","price_type":"flat_fee","image":0},{"label":"1er a\u00f1o","price":"","price_type":"flat_fee","image":0},{"label":"2do a\u00f1o","price":"","price_type":"flat_fee","image":0},{"label":"3er a\u00f1o","price":"","price_type":"flat_fee","image":0},{"label":"4to a\u00f1o","price":"","price_type":"flat_fee","image":0},{"label":"5to a\u00f1o","price":"","price_type":"flat_fee","image":0},{"label":"6to a\u00f1o","price":"","price_type":"flat_fee","image":0},{"label":"N\/A","price":"","price_type":"flat_fee","image":0}],"id":1725294360},{"name":"doctorates","type":"multiple_choice","position":7,"required":false,"title_format":"label","description_enable":false,"description":"","placeholder_enable":false,"placeholder":"","display":"select","restrictions_type":"any_text","adjust_price":false,"price":"","price_type":"flat_fee","restrictions":false,"min":0,"max":0,"options":[{"label":"Doctor en Ciencias de la Educaci\u00f3n M\u00e9dica","price":"","price_type":"flat_fee","image":0},{"label":"Doctor en Ciencias de la Enfermer\u00eda","price":"","price_type":"flat_fee","image":0},{"label":"Doctor en Ciencias de la Salud","price":"","price_type":"flat_fee","image":0},{"label":"Doctor en Ciencias Estomatol\u00f3gicas","price":"","price_type":"flat_fee","image":0},{"label":"Doctor en Ciencias M\u00e9dicas","price":"","price_type":"flat_fee","image":0}],"id":1725294359},{"name":"Medical specialties","type":"multiple_choice","position":8,"required":false,"title_format":"label","description_enable":false,"description":"","placeholder_enable":false,"placeholder":"","display":"select","restrictions_type":"any_text","adjust_price":false,"price":"","price_type":"flat_fee","restrictions":false,"min":0,"max":0,"options":[{"label":"Grupo I - Anatom\u00eda Humana (4 a\u00f1os)","price":"","price_type":"flat_fee","image":0},{"label":"Grupo I - Bioestad\u00edstica (3 a\u00f1os)","price":"","price_type":"flat_fee","image":0},{"label":"Grupo I - Embriolog\u00eda (4 a\u00f1os)","price":"","price_type":"flat_fee","image":0},{"label":"Grupo I - Gerontolog\u00eda y Geriatr\u00eda (3 a\u00f1os)","price":"","price_type":"flat_fee","image":0},{"label":"Grupo I - Higiene y Epidemiolog\u00eda (3 a\u00f1os)","price":"","price_type":"flat_fee","image":0},{"label":"Grupo I - Histolog\u00eda (4 a\u00f1os)","price":"","price_type":"flat_fee","image":0},{"label":"Grupo I - Logopedia y Foniatr\u00eda (3 a\u00f1os)","price":"","price_type":"flat_fee","image":0},{"label":"Grupo I - Medicina General Integral (3 a\u00f1os)","price":"","price_type":"flat_fee","image":0},{"label":"Grupo I - Medicina Natural y Tradicional ( 3 a\u00f1os)","price":"","price_type":"flat_fee","image":0},{"label":"Grupo I - Neumolog\u00eda (3 a\u00f1os)","price":"","price_type":"flat_fee","image":0},{"label":"Grupo I - Reumatolog\u00eda (3 a\u00f1os)","price":"","price_type":"flat_fee","image":0},{"label":"Grupo II - Alergolog\u00eda (3 a\u00f1os)","price":"","price_type":"flat_fee","image":0},{"label":"Grupo II - Anatom\u00eda Patol\u00f3gica (3 a\u00f1os)","price":"","price_type":"flat_fee","image":0},{"label":"Grupo II - Bioqu\u00edmica Cl\u00ednica (4 a\u00f1os)","price":"","price_type":"flat_fee","image":0},{"label":"Grupo II - Farmacolog\u00eda (4 a\u00f1os)","price":"","price_type":"flat_fee","image":0},{"label":"Grupo II - Fisiolog\u00eda Normal y Patol\u00f3gica (4 a\u00f1os)","price":"","price_type":"flat_fee","image":0},{"label":"Grupo II - Laboratorio Cl\u00ednico (3 a\u00f1os)","price":"","price_type":"flat_fee","image":0},{"label":"Grupo II - Medicina del Deporte (3 a\u00f1os)","price":"","price_type":"flat_fee","image":0},{"label":"Grupo II - Medicina F\u00edsica y Rehabilitaci\u00f3n (3 a\u00f1os)","price":"","price_type":"flat_fee","image":0},{"label":"Grupo II - Medicina Interna (3 a\u00f1os)","price":"","price_type":"flat_fee","image":0},{"label":"Grupo II - Microbiolog\u00eda (4 a\u00f1os)","price":"","price_type":"flat_fee","image":0},{"label":"Grupo II - Pediatr\u00eda (3 a\u00f1os)","price":"","price_type":"flat_fee","image":0},{"label":"Grupo II - Psiquiatr\u00eda Infantil (3 a\u00f1os)","price":"","price_type":"flat_fee","image":0},{"label":"Grupo II - Psiquiatr\u00eda de adulto (3 a\u00f1os)","price":"","price_type":"flat_fee","image":0},{"label":"Grupo III - Angiolog\u00eda y Cirug\u00eda Vascular (4 a\u00f1os)","price":"","price_type":"flat_fee","image":0},{"label":"Grupo III - Anestesiolog\u00eda y Reanimaci\u00f3n (4 a\u00f1os)","price":"","price_type":"flat_fee","image":0},{"label":"Grupo III - Cardiolog\u00eda (3 a\u00f1os)","price":"","price_type":"flat_fee","image":0},{"label":"Grupo III - Cirug\u00eda General (4 a\u00f1os)","price":"","price_type":"flat_fee","image":0},{"label":"Grupo III - Cirug\u00eda Cardiovascular (6 a\u00f1os)","price":"","price_type":"flat_fee","image":0},{"label":"Grupo III - Cirug\u00eda Pedi\u00e1trica (4 a\u00f1os)","price":"","price_type":"flat_fee","image":0},{"label":"Grupo III - Coloproctolog\u00eda (3 a\u00f1os)","price":"","price_type":"flat_fee","image":0},{"label":"Grupo III - Endocrinolog\u00eda (3 a\u00f1os)","price":"","price_type":"flat_fee","image":0},{"label":"Grupo III - Gastroenterolog\u00eda (3 a\u00f1os)","price":"","price_type":"flat_fee","image":0},{"label":"Grupo III - Gen\u00e9tica Cl\u00ednica (4 a\u00f1os)","price":"","price_type":"flat_fee","image":0},{"label":"Grupo III - Ginecolog\u00eda y Obstetricia (4 a\u00f1os)","price":"","price_type":"flat_fee","image":0},{"label":"Grupo III - Hematolog\u00eda (3 a\u00f1os)","price":"","price_type":"flat_fee","image":0},{"label":"Grupo III - Inmunolog\u00eda (4 a\u00f1os)","price":"","price_type":"flat_fee","image":0},{"label":"Grupo III - Medicina Intensiva y Emergencia del adulto (3 a\u00f1os)","price":"","price_type":"flat_fee","image":0},{"label":"Grupo III - Medicina Intensiva y Emergencia Pedi\u00e1trica (3 a\u00f1os)","price":"","price_type":"flat_fee","image":0},{"label":"Grupo III - Nefrolog\u00eda (3 a\u00f1os)","price":"","price_type":"flat_fee","image":0},{"label":"Grupo III - Neonatolog\u00eda (3 a\u00f1os)","price":"","price_type":"flat_fee","image":0},{"label":"Grupo III - Neurolog\u00eda (3 a\u00f1os)","price":"","price_type":"flat_fee","image":0},{"label":"Grupo III - Neurocirug\u00eda (4 a\u00f1os)","price":"","price_type":"flat_fee","image":0},{"label":"Grupo III - Oncolog\u00eda (3 a\u00f1os)","price":"","price_type":"flat_fee","image":0},{"label":"Grupo III - Oftalmolog\u00eda (3 a\u00f1os)","price":"","price_type":"flat_fee","image":0},{"label":"Grupo III - Ortopedia y Traumatolog\u00eda (4 a\u00f1os)","price":"","price_type":"flat_fee","image":0},{"label":"Grupo III - Otorrinolaringolog\u00eda (3 a\u00f1os)","price":"","price_type":"flat_fee","image":0},{"label":"Grupo III - Urolog\u00eda (4 a\u00f1os)","price":"","price_type":"flat_fee","image":0},{"label":"Grupo IV - Dermatolog\u00eda (3 a\u00f1os)","price":"","price_type":"flat_fee","image":0},{"label":"Grupo IV - Cirug\u00eda Pl\u00e1stica y Caumatolog\u00eda (4 a\u00f1os)","price":"","price_type":"flat_fee","image":0},{"label":"Grupo IV - Imagenolog\u00eda (3 a\u00f1os)","price":"","price_type":"flat_fee","image":0}],"id":1725294358}],"jetpack_sharing_enabled":true,"_links":{"self":[{"href":"https:\/\/pago.novaterr.com\/en\/wp-json\/wp\/v2\/product\/51686","targetHints":{"allow":["GET"]}}],"collection":[{"href":"https:\/\/pago.novaterr.com\/en\/wp-json\/wp\/v2\/product"}],"about":[{"href":"https:\/\/pago.novaterr.com\/en\/wp-json\/wp\/v2\/types\/product"}],"wp:featuredmedia":[{"embeddable":true,"href":"https:\/\/pago.novaterr.com\/en\/wp-json\/wp\/v2\/media\/51218"}],"wp:attachment":[{"href":"https:\/\/pago.novaterr.com\/en\/wp-json\/wp\/v2\/media?parent=51686"}],"wp:term":[{"taxonomy":"product_brand","embeddable":true,"href":"https:\/\/pago.novaterr.com\/en\/wp-json\/wp\/v2\/product_brand?post=51686"},{"taxonomy":"product_cat","embeddable":true,"href":"https:\/\/pago.novaterr.com\/en\/wp-json\/wp\/v2\/product_cat?post=51686"},{"taxonomy":"product_tag","embeddable":true,"href":"https:\/\/pago.novaterr.com\/en\/wp-json\/wp\/v2\/product_tag?post=51686"}],"curies":[{"name":"wp","href":"https:\/\/api.w.org\/{rel}","templated":true}]}}