{"id":301,"date":"2021-07-16T14:49:40","date_gmt":"2021-07-16T18:49:40","guid":{"rendered":"https:\/\/pago.novaterr.com\/?page_id=301"},"modified":"2023-10-10T15:30:14","modified_gmt":"2023-10-10T19:30:14","slug":"faq","status":"publish","type":"page","link":"https:\/\/pago.novaterr.com\/en\/faq\/","title":{"rendered":"FAQ"},"content":{"rendered":"<div class=\"wp-block-columns is-layout-flex wp-container-core-columns-is-layout-9d6595d7 wp-block-columns-is-layout-flex\">\n<div class=\"wp-block-column is-layout-flow wp-block-column-is-layout-flow\"><\/div>\n<\/div>\n\n\n\n<div class=\"wp-block-columns is-layout-flex wp-container-core-columns-is-layout-9d6595d7 wp-block-columns-is-layout-flex\">\n<div class=\"wp-block-column is-layout-flow wp-block-column-is-layout-flow\">\n<h2 class=\"encabezado\"><span style=\"color: #204161;\">Questions<\/span> <br \/>frequent<\/h2>\n<\/div>\n<\/div>\n\n\n\n<h3 class=\"wp-block-heading text-faq\">Where to connect?<\/h3>\n\n\n\n<p class=\"p-faq\">You&#039;ll find the link to connect to the right clinic directly on the sign in the clinic waiting room. You can either follow this link of select directly your product on https:\/\/pago.novaterr.com and select the clinic where you&#039;ll pass the test and where you need to send the payment.<\/p>\n\n\n\n<p class=\"p-faq\">If you are unsure of the clinic you should select, please ask at the front desk or at the person in charge.<\/p>\n\n\n\n<hr class=\"wp-block-separator has-alpha-channel-opacity separador\"\/>\n\n\n\n<h3 class=\"wp-block-heading text-faq\">Did you connect?<\/h3>\n\n\n\n<p class=\"p-faq\">You will find the lien for you to connect to the good clinic directly sur le panneau dans la salle d&#039;attente de la clinique. Vous pouvez soit suivre ce lien, soit s\u00e9lectionner directly votre produit sur https:\/\/pago.novaterr.com et s\u00e9lectionner la clinique o\u00f9 vous passerez le test et o\u00f9 vous devez envoyer le paiement.<\/p>\n\n\n\n<p class=\"p-faq\">If you have a doute sur la clinique \u00e0 s\u00e9lectionner, you can ask for help at the reception or at the responsible person.<\/p>\n\n\n\n<hr class=\"wp-block-separator has-alpha-channel-opacity separador\"\/>\n\n\n\n<h3 class=\"wp-block-heading text-faq\">Where to connect?<\/h3>\n\n\n\n<p class=\"p-faq\">You will find the link to connect to the appropriate clinic directly on the clinic waiting room sign. You can follow this link or directly select your product at https:\/\/pago.novaterr.com and select the clinic where you will take the test and to which you have to send the payment.<\/p>\n\n\n\n<p class=\"p-faq\">If you are not sure which clinic to select, ask at the reception or the person in charge.<\/p>\n\n\n\n<hr class=\"wp-block-separator has-alpha-channel-opacity separador\"\/>\n\n\n\n<h3 class=\"wp-block-heading text-faq\">The steps to follow<\/h3>\n\n\n\n<ol class=\"wp-block-list\">\n<li class=\"p-faq\">Follow the link or select the test and the corresponding clinic<\/li>\n\n\n\n<li class=\"p-faq\">Confirm your selection in the shopping cart<\/li>\n\n\n\n<li class=\"p-faq\">Enter your billing information (first name, last name, address, phone number) and your credit card information<\/li>\n\n\n\n<li class=\"p-faq\">The transaction is validated by your bank and a confirmation email is sent to you<\/li>\n\n\n\n<li class=\"p-faq\">Present this confirmation email to the person in charge<\/li>\n<\/ol>\n\n\n\n<hr class=\"wp-block-separator has-alpha-channel-opacity separador\"\/>\n\n\n\n<h3 class=\"wp-block-heading text-faq\">The suivre stages<\/h3>\n\n\n\n<ol class=\"wp-block-list\">\n<li class=\"p-faq\">Take the lien or select the test and the corresponding clinic<\/li>\n\n\n\n<li class=\"p-faq\">Validity of your selection in the panier d&#039;achats<\/li>\n\n\n\n<li class=\"p-faq\">Enclose your billing information (name, name, address, telephone number) and your credit card information<\/li>\n\n\n\n<li class=\"p-faq\">The transaction is validated by your bank and a confirmation email will be sent to you<\/li>\n\n\n\n<li class=\"p-faq\">Present this confirmation email to the person in charge<\/li>\n<\/ol>\n\n\n\n<hr class=\"wp-block-separator has-alpha-channel-opacity separador\"\/>\n\n\n\n<h3 class=\"wp-block-heading text-faq\">The steps to follow<\/h3>\n\n\n\n<ol class=\"wp-block-list\">\n<li class=\"p-faq\">Follow the link or select the corresponding test and clinic<\/li>\n\n\n\n<li class=\"p-faq\">Confirm your selection in the shopping cart<\/li>\n\n\n\n<li class=\"p-faq\">Enter your billing information (name, surname, address, telephone number) and your credit card information<\/li>\n\n\n\n<li class=\"p-faq\">Your bank validates the transaction and sends you a confirmation email<\/li>\n\n\n\n<li class=\"p-faq\">Present this confirmation email to the person in charge<\/li>\n<\/ol>\n\n\n\n<p><\/p>","protected":false},"excerpt":{"rendered":"<p>Frequently Asked Questions Where to connect? You&#039;ll find the link to connect to the right clinic directly on the sign in the clinic waiting room. You can either follow this link to directly select your product on https:\/\/pago.novaterr.com and select the clinic where you&#039;ll pass the test and where you need to send the payment.\u2026&nbsp;<a href=\"https:\/\/pago.novaterr.com\/en\/faq\/\" rel=\"bookmark\">Read More \u00bb<span class=\"screen-reader-text\">FAQ<\/span><\/a><\/p>","protected":false},"author":1,"featured_media":0,"parent":0,"menu_order":0,"comment_status":"closed","ping_status":"open","template":"","meta":{"neve_meta_sidebar":"","neve_meta_container":"","neve_meta_enable_content_width":"","neve_meta_content_width":0,"neve_meta_title_alignment":"","neve_meta_author_avatar":"","neve_post_elements_order":"","neve_meta_disable_header":"","neve_meta_disable_footer":"","neve_meta_disable_title":"","neve_meta_reading_time":"","footnotes":""},"class_list":["post-301","page","type-page","status-publish","hentry"],"jetpack_sharing_enabled":true,"_links":{"self":[{"href":"https:\/\/pago.novaterr.com\/en\/wp-json\/wp\/v2\/pages\/301","targetHints":{"allow":["GET"]}}],"collection":[{"href":"https:\/\/pago.novaterr.com\/en\/wp-json\/wp\/v2\/pages"}],"about":[{"href":"https:\/\/pago.novaterr.com\/en\/wp-json\/wp\/v2\/types\/page"}],"author":[{"embeddable":true,"href":"https:\/\/pago.novaterr.com\/en\/wp-json\/wp\/v2\/users\/1"}],"replies":[{"embeddable":true,"href":"https:\/\/pago.novaterr.com\/en\/wp-json\/wp\/v2\/comments?post=301"}],"version-history":[{"count":0,"href":"https:\/\/pago.novaterr.com\/en\/wp-json\/wp\/v2\/pages\/301\/revisions"}],"wp:attachment":[{"href":"https:\/\/pago.novaterr.com\/en\/wp-json\/wp\/v2\/media?parent=301"}],"curies":[{"name":"wp","href":"https:\/\/api.w.org\/{rel}","templated":true}]}}